{"id":328,"date":"2019-01-24T16:00:39","date_gmt":"2019-01-24T16:00:39","guid":{"rendered":"http:\/\/atletismodamadeira.pt\/masters\/?page_id=328"},"modified":"2025-01-07T14:49:52","modified_gmt":"2025-01-07T14:49:52","slug":"informacoes","status":"publish","type":"page","link":"http:\/\/atletismodamadeira.pt\/masters\/informacoes\/","title":{"rendered":"Informa\u00e7\u00f5es \/ Informations"},"content":{"rendered":"<h2 style=\"text-align: center\"><strong>Informa\u00e7\u00f5es Complementares<\/strong><\/h2>\n<ul>\n<li><strong>Documento de identifica\u00e7\u00e3o OBRIGAT\u00d3RIO<\/strong><\/li>\n<\/ul>\n<ul>\n<li style=\"list-style-type: none\">\n<ul>\n<li>Todos os atletas participantes nas provas de <strong>Peso<\/strong> e <strong>Martelo<\/strong> a disputar no <strong>RG3<\/strong> (Funchal), devem fazer-se acompanhar de <u>Cart\u00e3o de Cidad\u00e3o<\/u>, pois trata-se de um estabelecimento militar e o acesso \u00e9 restrito.<\/li>\n<\/ul>\n<\/li>\n<\/ul>\n<ul>\n<li><strong>Dorsais<\/strong><\/li>\n<\/ul>\n<ul>\n<li style=\"list-style-type: none\">\n<ul>\n<li>Em todas as jornadas, o Secretariado abrir\u00e1 uma hora antes da primeira prova e os dorsais \/ t-shirts poder\u00e3o ali ser levantados por todos os atletas.<\/li>\n<\/ul>\n<\/li>\n<\/ul>\n<ul>\n<li><strong>Transportes<\/strong><\/li>\n<\/ul>\n<ul>\n<li style=\"list-style-type: none\">\n<ul>\n<li>Est\u00e3o previstos os seguintes transportes:<\/li>\n<\/ul>\n<\/li>\n<\/ul>\n<p style=\"padding-left: 40px\">S\u00e1bado (25JAN)<\/p>\n<ul>\n<li style=\"list-style-type: none\">\n<ul>\n<li>13h00 \u2013 Sa\u00edda do Funchal (Rua 5 de Outubro, ao lado do Pal\u00e1cio da Justi\u00e7a)<\/li>\n<li>13h15 \u2013 Passagem pelo RG3<\/li>\n<li>13h45 \u2013 Chegada ao Centro Desportivo da Madeira (Ribeira Brava)<\/li>\n<li>18h30 \u2013 Sa\u00edda do Centro Desportivo da Madeira (Ribeira Brava), com regresso ao Funchal<\/li>\n<\/ul>\n<\/li>\n<\/ul>\n<p style=\"padding-left: 40px\">Domingo (26JAN)<\/p>\n<ul>\n<li style=\"list-style-type: none\">\n<ul>\n<li>08h30 \u2013 Sa\u00edda do Funchal (Rua 5 de Outubro, ao lado do Pal\u00e1cio da Justi\u00e7a)<\/li>\n<li>09h00 \u2013 Chegada ao Centro Desportivo da Madeira (Ribeira Brava)<\/li>\n<li>15h00 \u2013 Regresso ao Funchal<\/li>\n<\/ul>\n<\/li>\n<\/ul>\n<ul>\n<li><strong>Pr\u00e9mios<\/strong><\/li>\n<\/ul>\n<ul>\n<li style=\"list-style-type: none\">\n<ul>\n<li>A entrega de pr\u00e9mios decorrer\u00e1 no fim de cada jornada, da seguinte forma:<\/li>\n<\/ul>\n<\/li>\n<\/ul>\n<p style=\"padding-left: 40px\">S\u00e1bado (25JAN)<\/p>\n<ul>\n<li style=\"list-style-type: none\">\n<ul>\n<li>No final de cada competi\u00e7\u00e3o \u2013 Regimento de Guarni\u00e7\u00e3o n\u00ba3 (Funchal)<\/li>\n<li>A partir das 17h30 \u2013 Centro Desportivo da Madeira (Ribeira Brava)<\/li>\n<\/ul>\n<\/li>\n<\/ul>\n<p style=\"padding-left: 40px\">Domingo (26JAN)<\/p>\n<ul>\n<li style=\"list-style-type: none\">\n<ul>\n<li>A partir das 12h00 \u2013 Centro Desportivo da Madeira (Ribeira Brava)<\/li>\n<\/ul>\n<\/li>\n<\/ul>\n<ul>\n<li style=\"list-style-type: none\"><\/li>\n<\/ul>\n<ul>\n<li><strong>Contatos<\/strong>\n<ul>\n<li>Associa\u00e7\u00e3o de Atletismo da R. A. Madeira &#8211; 937 648 010<\/li>\n<\/ul>\n<\/li>\n<\/ul>\n<hr \/>\n<p>&nbsp;<\/p>\n<h2 style=\"text-align: center\"><span style=\"color: #000080\"><strong>Complementary Informations<\/strong><\/span><\/h2>\n<ul>\n<li><span style=\"color: #000080\"><strong>Identification Card \/ Passport<\/strong><\/span><\/li>\n<\/ul>\n<ul>\n<li style=\"list-style-type: none\">\n<ul>\n<li><span style=\"color: #000080\">All athletes participating in the <strong>Shot Put<\/strong> and <strong>Hammer Throw<\/strong> events at RG3 (Funchal), have to show their ID Card \/ Passport at the entrance, since it&#8217;s a military complex.<\/span><\/li>\n<\/ul>\n<\/li>\n<\/ul>\n<ul>\n<li><span style=\"color: #000080\"><strong>Bibs<\/strong><\/span><\/li>\n<\/ul>\n<ul>\n<li style=\"list-style-type: none\">\n<ul>\n<li><span style=\"color: #000080\">On both competition days, the event desk office will open one hour before the start of the competition, so the athletes can pick up their bibs \/ t-shirts.<\/span><\/li>\n<\/ul>\n<\/li>\n<\/ul>\n<ul>\n<li><span style=\"color: #000080\"><strong>Transportation<\/strong><\/span><\/li>\n<\/ul>\n<ul>\n<li style=\"list-style-type: none\">\n<ul>\n<li><span style=\"color: #000080\">The following transportation will be available:<\/span><\/li>\n<\/ul>\n<\/li>\n<\/ul>\n<p style=\"padding-left: 40px\"><span style=\"color: #000080\">Saturday (January, 25)<\/span><\/p>\n<ul>\n<li style=\"list-style-type: none\">\n<ul>\n<li><span style=\"color: #000080\">13:00 \u2013 Departure from Funchal (at &#8220;Rua 5 de Outubro&#8221;, next to the Justice Palace)<\/span><\/li>\n<li><span style=\"color: #000080\">13:15 \u2013 Passes at RG3<\/span><\/li>\n<li><span style=\"color: #000080\">13:45 \u2013 Arrival at Madeira Sports Centre (Ribeira Brava)<br \/>\n<\/span><\/li>\n<li><span style=\"color: #000080\">18:30 \u2013 Departure from Madeira Sports Centre (Ribeira Brava), returning to Funchal<br \/>\n<\/span><\/li>\n<\/ul>\n<\/li>\n<\/ul>\n<p style=\"padding-left: 40px\"><span style=\"color: #000080\">Sunday (January, 26)<\/span><\/p>\n<ul>\n<li style=\"list-style-type: none\">\n<ul>\n<li><span style=\"color: #000080\">08:30 \u2013 Departure from Funchal (at &#8220;Rua 5 de Outubro&#8221;, next to the Justice Palace)<br \/>\n<\/span><\/li>\n<li><span style=\"color: #000080\">09:00 \u2013 Arrival at Madeira Sports Centre (Ribeira Brava)<br \/>\n<\/span><\/li>\n<li><span style=\"color: #000080\">15:00 \u2013 Return to Funchal<\/span><\/li>\n<\/ul>\n<\/li>\n<\/ul>\n<p>&nbsp;<\/p>\n<ul>\n<li><span style=\"color: #000080\"><strong>Awards<\/strong><\/span><\/li>\n<li style=\"list-style-type: none\"><span style=\"color: #000080\">The awards ceremony will occur at the end of each competition day, like the following:<\/span><\/li>\n<\/ul>\n<p style=\"padding-left: 40px\"><span style=\"color: #000080\">Saturday (January, 25)<\/span><\/p>\n<ul>\n<li style=\"list-style-type: none\">\n<ul>\n<li><span style=\"color: #000080\">At the end of each competition \u2013 Regimento de Guarni\u00e7\u00e3o n\u00ba3 (Funchal)<\/span><\/li>\n<li><span style=\"color: #000080\">From 17:30 \u2013 Madeira Sports Centre (Ribeira Brava)<br \/>\n<\/span><\/li>\n<\/ul>\n<\/li>\n<\/ul>\n<p style=\"padding-left: 40px\"><span style=\"color: #000080\">Sunday (January, 26)<\/span><\/p>\n<ul>\n<li style=\"list-style-type: none\">\n<ul>\n<li><span style=\"color: #000080\">From 12:00 \u2013 Madeira Sports Centre (Ribeira Brava)<\/span><\/li>\n<\/ul>\n<\/li>\n<\/ul>\n<ul>\n<li style=\"list-style-type: none\"><\/li>\n<\/ul>\n<ul>\n<li><span style=\"color: #000080\"><strong>Contacts<\/strong><\/span>\n<ul>\n<li><span style=\"color: #000080\">Madeira Athletics Association &#8211; +351 937 648 010<br \/>\n<\/span><\/li>\n<\/ul>\n<\/li>\n<\/ul>\n<p>&nbsp;<\/p>\n","protected":false},"excerpt":{"rendered":"<p>Informa\u00e7\u00f5es Complementares Documento de identifica\u00e7\u00e3o OBRIGAT\u00d3RIO Todos os atletas participantes nas provas de Peso e Martelo a disputar no RG3 (Funchal), devem fazer-se acompanhar de&#8230;<\/p>\n","protected":false},"author":6,"featured_media":0,"parent":0,"menu_order":0,"comment_status":"closed","ping_status":"closed","template":"","meta":{"footnotes":""},"class_list":["post-328","page","type-page","status-publish","hentry"],"_links":{"self":[{"href":"http:\/\/atletismodamadeira.pt\/masters\/wp-json\/wp\/v2\/pages\/328","targetHints":{"allow":["GET"]}}],"collection":[{"href":"http:\/\/atletismodamadeira.pt\/masters\/wp-json\/wp\/v2\/pages"}],"about":[{"href":"http:\/\/atletismodamadeira.pt\/masters\/wp-json\/wp\/v2\/types\/page"}],"author":[{"embeddable":true,"href":"http:\/\/atletismodamadeira.pt\/masters\/wp-json\/wp\/v2\/users\/6"}],"replies":[{"embeddable":true,"href":"http:\/\/atletismodamadeira.pt\/masters\/wp-json\/wp\/v2\/comments?post=328"}],"version-history":[{"count":29,"href":"http:\/\/atletismodamadeira.pt\/masters\/wp-json\/wp\/v2\/pages\/328\/revisions"}],"predecessor-version":[{"id":749,"href":"http:\/\/atletismodamadeira.pt\/masters\/wp-json\/wp\/v2\/pages\/328\/revisions\/749"}],"wp:attachment":[{"href":"http:\/\/atletismodamadeira.pt\/masters\/wp-json\/wp\/v2\/media?parent=328"}],"curies":[{"name":"wp","href":"https:\/\/api.w.org\/{rel}","templated":true}]}}