{"id":50,"date":"2018-10-15T18:31:53","date_gmt":"2018-10-15T18:31:53","guid":{"rendered":"https:\/\/atletismodamadeira.pt\/masters\/?page_id=50"},"modified":"2025-01-23T17:00:42","modified_gmt":"2025-01-23T17:00:42","slug":"inscricao","status":"publish","type":"page","link":"http:\/\/atletismodamadeira.pt\/masters\/inscricao\/","title":{"rendered":"Inscri\u00e7\u00e3o \/ Registration"},"content":{"rendered":"\r\n<p style=\"text-align: center;\">As inscri\u00e7\u00f5es s\u00e3o processadas atrav\u00e9s da plataforma de inscri\u00e7\u00f5es da AARAM. Para o efeito ser\u00e1 necess\u00e1rio proceder a um registo inicial, que ser\u00e1 v\u00e1lido para todas as futuras inscri\u00e7\u00f5es para eventos organizados pela AARAM.<\/p>\r\n<p><strong>Procedimento<\/strong>:<\/p>\r\n<ol>\r\n<li>Efetuar o registo (processo que fica dispon\u00edvel ap\u00f3s clicar no bot\u00e3o de inscri\u00e7\u00f5es).<\/li>\r\n<li>Guardar os dados de registo (e-mail e palavra passe) para utiliza\u00e7\u00e3o futura.<\/li>\r\n<li>Efetuar Login no Evento.<\/li>\r\n<li>Selecionar as provas em que se pretende inscrever.<\/li>\r\n<li>Escolher o m\u00e9todo de pagamento.<\/li>\r\n<li>Ir\u00e1 receber um e-mail de confirma\u00e7\u00e3o da inscri\u00e7\u00e3o e do pagamento.<\/li>\r\n<\/ol>\r\n<p><strong>Notas<\/strong>:<\/p>\r\n<p style=\"text-align: left;\">Este procedimento inicial \u00e9 necess\u00e1rio para todos os atletas (sejam filiados na AARAM ou n\u00e3o filiados na AARAM).<\/p>\r\n<p style=\"text-align: left;\">Os atletas filiados na AARAM t\u00eam sempre um desconto na inscri\u00e7\u00e3o para os eventos AARAM.<\/p>\r\n<p style=\"text-align: left;\">Quaisquer d\u00favidas sobre estes procedimentos poder\u00e3o ser esclarecidas atrav\u00e9s do seguinte e-mail: <em>geral@atletismomadeira.pt<\/em> )\u00a0<\/p>\r\n<p><a href=\"https:\/\/plataforma.atletismodamadeira.pt\/eventos\/master-athletics-international-meeting-2025\" target=\"_blank\" rel=\"noopener\"><img loading=\"lazy\" decoding=\"async\" class=\"aligncenter wp-image-465 size-medium\" src=\"https:\/\/atletismodamadeira.pt\/masters\/wp-content\/uploads\/sites\/4\/2019\/11\/Inscricoes-300x46.png\" alt=\"\" width=\"300\" height=\"46\" srcset=\"http:\/\/atletismodamadeira.pt\/masters\/wp-content\/uploads\/sites\/4\/2019\/11\/Inscricoes-300x46.png 300w, http:\/\/atletismodamadeira.pt\/masters\/wp-content\/uploads\/sites\/4\/2019\/11\/Inscricoes.png 678w\" sizes=\"auto, (max-width: 300px) 100vw, 300px\" \/><\/a><\/p>\r\n<p>&nbsp;<\/p>\r\n<hr \/>\r\n<p style=\"text-align: center;\">\u00a0<\/p>\r\n<p style=\"text-align: center;\">Registrations are processed through the AARAM registration platform. To do so, you will need to complete an initial registration in our platform, which will be valid for all future events organized by AARAM.<\/p>\r\n<p><strong>Procedure<\/strong>:<\/p>\r\n<ol>\r\n<li>Register on the platform (process that becomes available after clicking on the &#8220;sign up now&#8221; button).<\/li>\r\n<li>Save your registration data (email and password) for future use.<\/li>\r\n<li>Log in.<\/li>\r\n<li>Select the track &amp; field events in wich you want to participate.<\/li>\r\n<li>Choose the payment method.<\/li>\r\n<li>You will receive an email confirming registration and payment.<\/li>\r\n<\/ol>\r\n<p style=\"text-align: center;\">For any questions, please email us: <em>geral@atletismomadeira.pt<\/em><\/p>\r\n<p><a href=\"https:\/\/plataforma.atletismodamadeira.pt\/eventos\/master-athletics-international-meeting-2025#\" target=\"_blank\" rel=\"noopener\"><img loading=\"lazy\" decoding=\"async\" class=\"aligncenter wp-image-466 size-medium\" src=\"https:\/\/atletismodamadeira.pt\/masters\/wp-content\/uploads\/sites\/4\/2019\/11\/Sign_up-300x46.png\" alt=\"\" width=\"300\" height=\"46\" srcset=\"http:\/\/atletismodamadeira.pt\/masters\/wp-content\/uploads\/sites\/4\/2019\/11\/Sign_up-300x46.png 300w, http:\/\/atletismodamadeira.pt\/masters\/wp-content\/uploads\/sites\/4\/2019\/11\/Sign_up.png 678w\" sizes=\"auto, (max-width: 300px) 100vw, 300px\" \/><\/a><\/p>\r\n<p>&nbsp;<\/p>\r\n<hr \/>\r\n<p>\r\n\r\n\r\n\r\n<\/p>\r\n<p>&nbsp;<\/p>\r\n<p><a href=\"https:\/\/atletismodamadeira.pt\/masters\/wp-content\/uploads\/sites\/4\/2025\/01\/MeetMaster25_Lista-2.pdf\" target=\"_blank\" rel=\"noopener\"><img loading=\"lazy\" decoding=\"async\" class=\"aligncenter wp-image-467 size-medium\" src=\"https:\/\/atletismodamadeira.pt\/masters\/wp-content\/uploads\/sites\/4\/2019\/11\/Inscritos2-300x43.png\" alt=\"\" width=\"300\" height=\"43\" srcset=\"http:\/\/atletismodamadeira.pt\/masters\/wp-content\/uploads\/sites\/4\/2019\/11\/Inscritos2-300x43.png 300w, http:\/\/atletismodamadeira.pt\/masters\/wp-content\/uploads\/sites\/4\/2019\/11\/Inscritos2.png 730w\" sizes=\"auto, (max-width: 300px) 100vw, 300px\" \/><\/a><\/p>\r\n<p>&nbsp;<\/p>\r\n","protected":false},"excerpt":{"rendered":"<p>As inscri\u00e7\u00f5es s\u00e3o processadas atrav\u00e9s da plataforma de inscri\u00e7\u00f5es da AARAM. Para o efeito ser\u00e1 necess\u00e1rio proceder a um registo inicial, que ser\u00e1 v\u00e1lido para&#8230;<\/p>\n","protected":false},"author":13,"featured_media":0,"parent":0,"menu_order":0,"comment_status":"closed","ping_status":"closed","template":"","meta":{"footnotes":""},"class_list":["post-50","page","type-page","status-publish","hentry"],"_links":{"self":[{"href":"http:\/\/atletismodamadeira.pt\/masters\/wp-json\/wp\/v2\/pages\/50","targetHints":{"allow":["GET"]}}],"collection":[{"href":"http:\/\/atletismodamadeira.pt\/masters\/wp-json\/wp\/v2\/pages"}],"about":[{"href":"http:\/\/atletismodamadeira.pt\/masters\/wp-json\/wp\/v2\/types\/page"}],"author":[{"embeddable":true,"href":"http:\/\/atletismodamadeira.pt\/masters\/wp-json\/wp\/v2\/users\/13"}],"replies":[{"embeddable":true,"href":"http:\/\/atletismodamadeira.pt\/masters\/wp-json\/wp\/v2\/comments?post=50"}],"version-history":[{"count":71,"href":"http:\/\/atletismodamadeira.pt\/masters\/wp-json\/wp\/v2\/pages\/50\/revisions"}],"predecessor-version":[{"id":757,"href":"http:\/\/atletismodamadeira.pt\/masters\/wp-json\/wp\/v2\/pages\/50\/revisions\/757"}],"wp:attachment":[{"href":"http:\/\/atletismodamadeira.pt\/masters\/wp-json\/wp\/v2\/media?parent=50"}],"curies":[{"name":"wp","href":"https:\/\/api.w.org\/{rel}","templated":true}]}}